{"id":4704,"date":"2023-10-27T06:40:06","date_gmt":"2023-10-27T06:40:06","guid":{"rendered":"https:\/\/fortekgroup.com\/ce-que-nous-faisons\/"},"modified":"2026-04-16T10:50:52","modified_gmt":"2026-04-16T10:50:52","slug":"ce-que-nous-faisons","status":"publish","type":"page","link":"https:\/\/fortekgroup.com\/fr\/ce-que-nous-faisons\/","title":{"rendered":"Ce que nous faisons"},"content":{"rendered":"<style>.elementor-4704 .elementor-element.elementor-element-afb57cd{transition:background 0.3s, border 0.3s, border-radius 0.3s, box-shadow 0.3s;margin-top:-80px;margin-bottom:0px;}.elementor-4704 .elementor-element.elementor-element-afb57cd > .elementor-background-overlay{transition:background 0.3s, border-radius 0.3s, opacity 0.3s;}.elementor-bc-flex-widget .elementor-4704 .elementor-element.elementor-element-4d12f33.elementor-column .elementor-widget-wrap{align-items:center;}.elementor-4704 .elementor-element.elementor-element-4d12f33.elementor-column.elementor-element[data-element_type=\"column\"] > .elementor-widget-wrap.elementor-element-populated{align-content:center;align-items:center;}.elementor-4704 .elementor-element.elementor-element-4d12f33 > .elementor-widget-wrap > .elementor-widget:not(.elementor-widget__width-auto):not(.elementor-widget__width-initial):not(:last-child):not(.elementor-absolute){margin-block-end:0px;}.elementor-4704 .elementor-element.elementor-element-4d12f33:not(.elementor-motion-effects-element-type-background) > .elementor-widget-wrap, .elementor-4704 .elementor-element.elementor-element-4d12f33 > .elementor-widget-wrap > .elementor-motion-effects-container > .elementor-motion-effects-layer{background-color:var( --e-global-color-accent );}.elementor-4704 .elementor-element.elementor-element-4d12f33 > .elementor-element-populated{transition:background 0.3s, border 0.3s, border-radius 0.3s, box-shadow 0.3s;padding:0px 100px 0px 100px;}.elementor-4704 .elementor-element.elementor-element-4d12f33 > .elementor-element-populated > .elementor-background-overlay{transition:background 0.3s, border-radius 0.3s, opacity 0.3s;}.elementor-4704 .elementor-element.elementor-element-cae8385.elementor-widget-heading .sub-title:before{display:inline-block;}.elementor-4704 .elementor-element.elementor-element-cae8385 > .elementor-widget-container{margin:0px 0px 30px 0px;}.elementor-widget-text-editor{color:var( --e-global-color-text );font-family:var( --e-global-typography-text-font-family ), Sans-serif;font-weight:var( --e-global-typography-text-font-weight );}.elementor-widget-text-editor .elementor-text-editor a:hover{color:var( --e-global-color-primary );border-color:var( --e-global-color-primary );}.elementor-widget-text-editor.elementor-drop-cap-view-stacked .elementor-drop-cap{background-color:var( --e-global-color-primary );}.elementor-widget-text-editor.elementor-drop-cap-view-framed .elementor-drop-cap, .elementor-widget-text-editor.elementor-drop-cap-view-default .elementor-drop-cap{color:var( --e-global-color-primary );border-color:var( --e-global-color-primary );}.elementor-4704 .elementor-element.elementor-element-b018e06 .elementor-text-editor{text-align:left;}.elementor-4704 .elementor-element.elementor-element-b018e06{font-family:\"GilmerBold\", Sans-serif;font-weight:400;}.elementor-4704 .elementor-element.elementor-element-b018e06 > .elementor-widget-container{margin:0px 0px 30px 0px;}.elementor-4704 .elementor-element.elementor-element-b0b14d9 > .elementor-widget-wrap > .elementor-widget:not(.elementor-widget__width-auto):not(.elementor-widget__width-initial):not(:last-child):not(.elementor-absolute){margin-block-end:0px;}.elementor-widget-image .widget-image-caption{color:var( --e-global-color-text );font-family:var( --e-global-typography-text-font-family ), Sans-serif;font-weight:var( --e-global-typography-text-font-weight );}.elementor-4704 .elementor-element.elementor-element-2bc87b22{margin-top:100px;margin-bottom:60px;}.elementor-4704 .elementor-element.elementor-element-2bc87b22.elementor-section::before{content:\"\";width:100%;height:100%;position:absolute;left:0;top:0;-webkit-backdrop-filter:blur(0px);backdrop-filter:blur(0px);border-radius:inherit;background-color:inherit;}.elementor-4704 .elementor-element.elementor-element-767ea3a9 > .elementor-widget-wrap > .elementor-widget:not(.elementor-widget__width-auto):not(.elementor-widget__width-initial):not(:last-child):not(.elementor-absolute){margin-block-end:0px;}.elementor-4704 .elementor-element.elementor-element-5316a2d4{text-align:center;}.elementor-4704 .elementor-element.elementor-element-5316a2d4.elementor-widget-heading .sub-title:before{display:inline-block;}.elementor-4704 .elementor-element.elementor-element-5316a2d4 > .elementor-widget-container{margin:0px 0px 60px 0px;}.elementor-4704 .elementor-element.elementor-element-23ce10b2 .column-item{padding-left:calc(30px \/ 2);padding-right:calc(30px \/ 2);}.elementor-4704 .elementor-element.elementor-element-23ce10b2 .elementor-featured-box-wrapper{margin-left:calc(30px \/ -2);margin-right:calc(30px \/ -2);}.elementor-4704 .elementor-element.elementor-element-23ce10b2 {text-align:left;}.elementor-4704 .elementor-element.elementor-element-23ce10b2 .elementor-featured-box-meta-inner{margin:0px 0px 60px 0px;}.elementor-4704 .elementor-element.elementor-element-23ce10b2 .elementor-featured-box-meta-inner:not(:hover) .elementor-featured-box-name{color:#ffffff;}.elementor-4704 .elementor-element.elementor-element-23ce10b2 .elementor-featured-box-meta-inner:hover .elementor-featured-box-name{color:#ffffff;}.elementor-4704 .elementor-element.elementor-element-6ffcaab2 > .elementor-container{min-height:460px;}.elementor-4704 .elementor-element.elementor-element-6ffcaab2 .vertical-lines .line-wrap{border-color:rgba(255,255,255,0.2);}.elementor-4704 .elementor-element.elementor-element-6ffcaab2 .vertical-lines .line-item{background-color:rgba(255,255,255,0.2);}.elementor-4704 .elementor-element.elementor-element-6ffcaab2:not(.elementor-motion-effects-element-type-background), .elementor-4704 .elementor-element.elementor-element-6ffcaab2 > .elementor-motion-effects-container > .elementor-motion-effects-layer{background-image:url(\"https:\/\/fortekgroup.com\/wp-content\/uploads\/2023\/11\/fortek-black-steel-banner.jpg\");background-position:center center;background-repeat:no-repeat;background-size:cover;}.elementor-4704 .elementor-element.elementor-element-6ffcaab2 > .elementor-background-overlay{background-color:#000000;opacity:0.5;transition:background 0.3s, border-radius 0.3s, opacity 0.3s;}.elementor-4704 .elementor-element.elementor-element-6ffcaab2{transition:background 0.3s, border 0.3s, border-radius 0.3s, box-shadow 0.3s;padding:0px 30px 0px 30px;}.elementor-4704 .elementor-element.elementor-element-65f94a7d > .elementor-widget-wrap > .elementor-widget:not(.elementor-widget__width-auto):not(.elementor-widget__width-initial):not(:last-child):not(.elementor-absolute){margin-block-end:0px;}.elementor-4704 .elementor-element.elementor-element-1022e9ba.elementor-widget-heading .elementor-heading-title{color:#ffffff;}.elementor-4704 .elementor-element.elementor-element-1022e9ba.elementor-widget-heading .sub-title{color:#ffffff;}.elementor-4704 .elementor-element.elementor-element-1022e9ba > .elementor-widget-container{margin:0px 0px 30px 0px;}.elementor-4704 .elementor-element.elementor-element-6fa2fc6f .elementor-text-editor{text-align:justify;}.elementor-4704 .elementor-element.elementor-element-6fa2fc6f{color:#afb5bb;font-size:18px;line-height:30px;}.elementor-4704 .elementor-element.elementor-element-6fa2fc6f > .elementor-widget-container{margin:0px 0px 30px 0px;}.contactform-content .wpcf7 .wpcf7-form input:not([type=\"submit\"]):focus, .contactform-content .wpcf7-form textarea:focus{border-color:var( --e-global-color-primary );}.elementor-4704 .elementor-element.elementor-element-38f1cb0c .elementor-button-content-wrapper{flex-direction:row;}.elementor-4704 .elementor-element.elementor-element-38f1cb0c .elementor-button .elementor-button-icon i{font-size:14px;}.elementor-4704 .elementor-element.elementor-element-38f1cb0c .elementor-button .elementor-align-icon-right{margin-left:7px;}.elementor-4704 .elementor-element.elementor-element-38f1cb0c .elementor-button .elementor-align-icon-left{margin-right:7px;}@media(min-width:768px){.elementor-4704 .elementor-element.elementor-element-4d12f33{width:58%;}.elementor-4704 .elementor-element.elementor-element-b0b14d9{width:42%;}}@media(max-width:1024px) and (min-width:768px){.elementor-4704 .elementor-element.elementor-element-4d12f33{width:100%;}.elementor-4704 .elementor-element.elementor-element-b0b14d9{width:100%;}}@media(max-width:1024px){.elementor-4704 .elementor-element.elementor-element-afb57cd{margin-top:-8px;margin-bottom:0px;}.elementor-4704 .elementor-element.elementor-element-4d12f33 > .elementor-element-populated{padding:30px 30px 30px 30px;}.elementor-4704 .elementor-element.elementor-element-cae8385 .elementor-heading-title{font-size:35px;line-height:40px;}.elementor-4704 .elementor-element.elementor-element-b0b14d9 > .elementor-element-populated{padding:0px 0px 0px 0px;}.elementor-4704 .elementor-element.elementor-element-72fae4e img{width:100%;}.elementor-4704 .elementor-element.elementor-element-5316a2d4 .elementor-heading-title{font-size:35px;}.elementor-4704 .elementor-element.elementor-element-23ce10b2 .column-item{padding-left:calc(10px \/ 2);padding-right:calc(10px \/ 2);}.elementor-4704 .elementor-element.elementor-element-23ce10b2 .elementor-featured-box-wrapper{margin-left:calc(10px \/ -2);margin-right:calc(10px \/ -2);}.elementor-4704 .elementor-element.elementor-element-1022e9ba .elementor-heading-title{font-size:35px;}}@media(max-width:767px){.elementor-4704 .elementor-element.elementor-element-4d12f33 > .elementor-element-populated{padding:40px 30px 40px 30px;}.elementor-4704 .elementor-element.elementor-element-cae8385{text-align:left;}.elementor-4704 .elementor-element.elementor-element-cae8385 .elementor-heading-title{font-size:25px;line-height:30px;}.elementor-4704 .elementor-element.elementor-element-cae8385.elementor-widget-heading .sub-title{font-size:12px;margin-bottom:15px;}.elementor-4704 .elementor-element.elementor-element-b018e06 .elementor-text-editor{text-align:left;}.elementor-4704 .elementor-element.elementor-element-b018e06{font-size:13px;}.elementor-4704 .elementor-element.elementor-element-b018e06 > .elementor-widget-container{margin:0px 0px 0px 0px;}.elementor-4704 .elementor-element.elementor-element-5316a2d4{text-align:center;}.elementor-4704 .elementor-element.elementor-element-5316a2d4 .elementor-heading-title{font-size:25px;}.elementor-4704 .elementor-element.elementor-element-5316a2d4.elementor-widget-heading .sub-title{font-size:12px;margin-bottom:15px;}.elementor-4704 .elementor-element.elementor-element-6ffcaab2{padding:25px 15px 25px 15px;}.elementor-4704 .elementor-element.elementor-element-1022e9ba .elementor-heading-title{font-size:25px;}.elementor-4704 .elementor-element.elementor-element-1022e9ba.elementor-widget-heading .sub-title{font-size:12px;margin-bottom:15px;}.elementor-4704 .elementor-element.elementor-element-6fa2fc6f{font-size:13px;line-height:23px;}}<\/style>\t\t<div data-elementor-type=\"wp-post\" data-elementor-id=\"4704\" class=\"elementor elementor-4704 elementor-4556\" data-elementor-post-type=\"page\">\n\t\t\t\t\t\t<section class=\"elementor-section elementor-top-section elementor-element elementor-element-afb57cd elementor-section-boxed elementor-section-height-default elementor-section-height-default\" data-id=\"afb57cd\" data-element_type=\"section\" data-e-type=\"section\" data-settings=\"{&quot;background_background&quot;:&quot;classic&quot;,&quot;jet_parallax_layout_list&quot;:[]}\">\n\t\t\t\t\t\t<div class=\"elementor-container elementor-column-gap-no\">\n\t\t\t\t\t<div class=\"elementor-column elementor-col-50 elementor-top-column elementor-element elementor-element-4d12f33 opal-box-clip\" data-id=\"4d12f33\" data-element_type=\"column\" data-e-type=\"column\" data-settings=\"{&quot;background_background&quot;:&quot;classic&quot;}\">\n\t\t\t<div class=\"elementor-widget-wrap elementor-element-populated\">\n\t\t\t\t\t\t<div class=\"elementor-element elementor-element-cae8385 animated-fast elementor-mobile-align-left elementor-invisible elementor-widget elementor-widget-heading\" data-id=\"cae8385\" data-element_type=\"widget\" data-e-type=\"widget\" data-settings=\"{&quot;_animation&quot;:&quot;opal-move-up&quot;}\" data-widget_type=\"heading.default\">\n\t\t\t\t<div class=\"elementor-widget-container\">\n\t\t\t\t\t<span class=\"sub-title\">SERVICES FIABLES<\/span><h2 class=\"elementor-heading-title elementor-size-default\">Conception de solutions en acier<\/h2>\t\t\t\t<\/div>\n\t\t\t\t<\/div>\n\t\t\t\t<div class=\"elementor-element elementor-element-b018e06 animated-fast elementor-invisible elementor-widget elementor-widget-text-editor\" data-id=\"b018e06\" data-element_type=\"widget\" data-e-type=\"widget\" data-settings=\"{&quot;_animation&quot;:&quot;opal-move-up&quot;}\" data-widget_type=\"text-editor.default\">\n\t\t\t\t<div class=\"elementor-widget-container\">\n\t\t\t\t\t        <div class=\"elementor-text-editor elementor-clearfix\"><p>Fortek est \u00e0 l&rsquo;avant-garde de l&rsquo;industrie de l&rsquo;acier depuis plus de 35 ans. Nous proposons une gamme de produits de qualit\u00e9 sup\u00e9rieure r\u00e9pondant aux besoins de ses clients, allant des fers plats aux tubes, en passant par les tuyaux et les profil\u00e9s. L\u2019importance accord\u00e9e \u00e0 la qualit\u00e9, l&rsquo;innovation et la satisfaction client a consolid\u00e9 notre r\u00e9putation comme un partenaire de choix pour diff\u00e9rentes industries.<\/p><\/div>\n        \t\t\t\t<\/div>\n\t\t\t\t<\/div>\n\t\t\t\t\t<\/div>\n\t\t<\/div>\n\t\t\t\t<div class=\"elementor-column elementor-col-50 elementor-top-column elementor-element elementor-element-b0b14d9 col-animated animated-fast elementor-invisible\" data-id=\"b0b14d9\" data-element_type=\"column\" data-e-type=\"column\" data-settings=\"{&quot;animation&quot;:&quot;opal-move-up&quot;,&quot;animation_delay&quot;:400}\">\n\t\t\t<div class=\"elementor-widget-wrap elementor-element-populated\">\n\t\t\t\t\t\t<div class=\"elementor-element elementor-element-72fae4e elementor-widget elementor-widget-image\" data-id=\"72fae4e\" data-element_type=\"widget\" data-e-type=\"widget\" data-widget_type=\"image.default\">\n\t\t\t\t<div class=\"elementor-widget-container\">\n\t\t\t\t\t\t\t\t\t\t\t\t\t\t\t<img fetchpriority=\"high\" decoding=\"async\" width=\"542\" height=\"759\" src=\"https:\/\/fortekgroup.com\/wp-content\/uploads\/2023\/11\/fortek-home-what-we-do-image-2.jpg\" class=\"attachment-full size-full wp-image-5047\" alt=\"\" srcset=\"https:\/\/fortekgroup.com\/wp-content\/uploads\/2023\/11\/fortek-home-what-we-do-image-2.jpg 542w, https:\/\/fortekgroup.com\/wp-content\/uploads\/2023\/11\/fortek-home-what-we-do-image-2-214x300.jpg 214w\" sizes=\"(max-width: 542px) 100vw, 542px\" \/>\t\t\t\t\t\t\t\t\t\t\t\t\t\t\t<\/div>\n\t\t\t\t<\/div>\n\t\t\t\t\t<\/div>\n\t\t<\/div>\n\t\t\t\t\t<\/div>\n\t\t<\/section>\n\t\t\t\t<section class=\"elementor-section elementor-top-section elementor-element elementor-element-2bc87b22 elementor-section-boxed elementor-section-height-default elementor-section-height-default\" data-id=\"2bc87b22\" data-element_type=\"section\" data-e-type=\"section\" id=\"services\" data-settings=\"{&quot;jet_parallax_layout_list&quot;:[]}\">\n\t\t\t\t\t\t<div class=\"elementor-container elementor-column-gap-no\">\n\t\t\t\t\t<div class=\"elementor-column elementor-col-100 elementor-top-column elementor-element elementor-element-767ea3a9\" data-id=\"767ea3a9\" data-element_type=\"column\" data-e-type=\"column\">\n\t\t\t<div class=\"elementor-widget-wrap elementor-element-populated\">\n\t\t\t\t\t\t<div class=\"elementor-element elementor-element-5316a2d4 elementor-align-center elementor-mobile-align-center animated-fast elementor-invisible elementor-widget elementor-widget-heading\" data-id=\"5316a2d4\" data-element_type=\"widget\" data-e-type=\"widget\" data-settings=\"{&quot;_animation&quot;:&quot;opal-move-up&quot;}\" data-widget_type=\"heading.default\">\n\t\t\t\t<div class=\"elementor-widget-container\">\n\t\t\t\t\t<span class=\"sub-title\">CE QUE NOUS FAISONS<\/span><h2 class=\"elementor-heading-title elementor-size-default\">Tous les services<\/h2>\t\t\t\t<\/div>\n\t\t\t\t<\/div>\n\t\t\t\t<div class=\"elementor-element elementor-element-23ce10b2 animated-fast elementor-invisible elementor-widget elementor-widget-opal-featured-box\" data-id=\"23ce10b2\" data-element_type=\"widget\" data-e-type=\"widget\" data-settings=\"{&quot;_animation&quot;:&quot;opal-move-up&quot;,&quot;columns_tablet&quot;:&quot;3&quot;,&quot;columns&quot;:&quot;4&quot;,&quot;columns_mobile&quot;:&quot;1&quot;}\" data-widget_type=\"opal-featured-box.default\">\n\t\t\t\t<div class=\"elementor-widget-container\">\n\t\t\t\t\t        <div class=\"elementor-featured-box-wrapper layout_4\">\n            <div class=\"row\" data-elementor-columns=\"4\" data-elementor-columns-tablet=\"3\" data-elementor-columns-mobile=\"1\">\n                                    <div class=\"elementor-featured-box-item column-item\">\n                                \n        \n        \n                    <div class=\"elementor-featured-box-meta-inner\">\n                <div class=\"elementor-featured-box-image\">\n                    <img decoding=\"async\" src=\"https:\/\/fortekgroup.com\/wp-content\/uploads\/2023\/11\/Screenshot-2023-11-29-at-14.40.25.jpg\" title=\"Screenshot-2023-11-29-at-14.40.25\" alt=\"Screenshot-2023-11-29-at-14.40.25\" loading=\"lazy\" \/>                <\/div>\n                <div class=\"item-box\">\n                    <div class=\"elementor-featured-box-content\">\n                                                <div class=\"elementor-featured-box-name\"><a href=\"\/fr\/ce-que-nous-faisons\/produits-en-acier\/\">Produits en acier<\/a><\/div>\n                        <div class=\"elementor-featured-box-button\"><a href=\"\/fr\/ce-que-nous-faisons\/produits-en-acier\/\">D\u00e9couvrez notre offre  <i class=\"opal-icon-long-arrow-right\" aria-hidden=\"true\"><\/i><\/a><\/div>\n\n                    <\/div>\n                <\/div>\n            <\/div>\n        \n        \n                            <\/div>\n                                    <div class=\"elementor-featured-box-item column-item\">\n                                \n        \n        \n                    <div class=\"elementor-featured-box-meta-inner\">\n                <div class=\"elementor-featured-box-image\">\n                    <img decoding=\"async\" src=\"https:\/\/fortekgroup.com\/wp-content\/uploads\/2023\/11\/fortek-product-slide3-image-3.jpg\" title=\"fortek-product-slide3-image\" alt=\"fortek-product-slide3-image\" loading=\"lazy\" \/>                <\/div>\n                <div class=\"item-box\">\n                    <div class=\"elementor-featured-box-content\">\n                                                <div class=\"elementor-featured-box-name\"><a href=\"\/fr\/ce-que-nous-faisons\/solutions-de-soudage\/\">Solutions de soudage<\/a><\/div>\n                        <div class=\"elementor-featured-box-button\"><a href=\"\/fr\/ce-que-nous-faisons\/solutions-de-soudage\/\">D\u00e9couvrez notre offre <i class=\"opal-icon-long-arrow-right\" aria-hidden=\"true\"><\/i><\/a><\/div>\n\n                    <\/div>\n                <\/div>\n            <\/div>\n        \n        \n                            <\/div>\n                                    <div class=\"elementor-featured-box-item column-item\">\n                                \n        \n        \n                    <div class=\"elementor-featured-box-meta-inner\">\n                <div class=\"elementor-featured-box-image\">\n                    <img decoding=\"async\" src=\"https:\/\/fortekgroup.com\/wp-content\/uploads\/2023\/11\/fortek-product-slide3.jpg\" title=\"fortek-product-slide3\" alt=\"fortek-product-slide3\" loading=\"lazy\" \/>                <\/div>\n                <div class=\"item-box\">\n                    <div class=\"elementor-featured-box-content\">\n                                                <div class=\"elementor-featured-box-name\"><a href=\"http:\/\/fr\/ce-que-nous-faisons\/equipement-industriel\/\">\u00c9quipements industriels<\/a><\/div>\n                        <div class=\"elementor-featured-box-button\"><a href=\"http:\/\/fr\/ce-que-nous-faisons\/equipement-industriel\/\">D\u00e9couvrez notre offre  <i class=\"opal-icon-long-arrow-right\" aria-hidden=\"true\"><\/i><\/a><\/div>\n\n                    <\/div>\n                <\/div>\n            <\/div>\n        \n        \n                            <\/div>\n                                    <div class=\"elementor-featured-box-item column-item\">\n                                \n        \n        \n                    <div class=\"elementor-featured-box-meta-inner\">\n                <div class=\"elementor-featured-box-image\">\n                    <img decoding=\"async\" src=\"https:\/\/fortekgroup.com\/wp-content\/uploads\/2026\/04\/fortek-product-black-steel.jpg\" title=\"fortek-product-black-steel\" alt=\"fortek-product-black-steel\" loading=\"lazy\" \/>                <\/div>\n                <div class=\"item-box\">\n                    <div class=\"elementor-featured-box-content\">\n                                                <div class=\"elementor-featured-box-name\"><a href=\"\/fr\/ce-que-nous-faisons\/acier-noir-de-qualite\/\">Acier noir de qualit\u00e9<\/a><\/div>\n                        <div class=\"elementor-featured-box-button\"><a href=\"\/fr\/ce-que-nous-faisons\/acier-noir-de-qualite\/\">D\u00e9couvrez notre offre <i class=\"opal-icon-long-arrow-right\" aria-hidden=\"true\"><\/i><\/a><\/div>\n\n                    <\/div>\n                <\/div>\n            <\/div>\n        \n        \n                            <\/div>\n                            <\/div>\n        <\/div>\n        \t\t\t\t<\/div>\n\t\t\t\t<\/div>\n\t\t\t\t\t<\/div>\n\t\t<\/div>\n\t\t\t\t\t<\/div>\n\t\t<\/section>\n\t\t\t\t<section class=\"elementor-section elementor-top-section elementor-element elementor-element-6ffcaab2 elementor-section-stretched elementor-section-height-min-height osf-vertical-line-active elementor-section-boxed elementor-section-height-default elementor-section-items-middle\" data-id=\"6ffcaab2\" data-element_type=\"section\" data-e-type=\"section\" data-settings=\"{&quot;stretch_section&quot;:&quot;section-stretched&quot;,&quot;osf_section_vertical_line_switcher&quot;:&quot;active&quot;,&quot;background_background&quot;:&quot;classic&quot;,&quot;jet_parallax_layout_list&quot;:[]}\">\n\t\t\t\t\t\t\t<div class=\"elementor-background-overlay\"><\/div>\n\t\t\t\t\t\t\t<div class=\"elementor-container elementor-column-gap-no\">\n\t\t\t\t\t<div class=\"elementor-column elementor-col-100 elementor-top-column elementor-element elementor-element-65f94a7d\" data-id=\"65f94a7d\" data-element_type=\"column\" data-e-type=\"column\">\n\t\t\t<div class=\"elementor-widget-wrap elementor-element-populated\">\n\t\t\t\t\t\t<div class=\"elementor-element elementor-element-1022e9ba animated-fast elementor-invisible elementor-widget elementor-widget-heading\" data-id=\"1022e9ba\" data-element_type=\"widget\" data-e-type=\"widget\" data-settings=\"{&quot;_animation&quot;:&quot;opal-move-up&quot;}\" data-widget_type=\"heading.default\">\n\t\t\t\t<div class=\"elementor-widget-container\">\n\t\t\t\t\t<span class=\"sub-title\">Expert des solutions en acier<\/span><h2 class=\"elementor-heading-title elementor-size-default\">D\u00e9couvrez la Diff\u00e9rence Fortek<\/h2>\t\t\t\t<\/div>\n\t\t\t\t<\/div>\n\t\t\t\t<div class=\"elementor-element elementor-element-6fa2fc6f animated-fast elementor-invisible elementor-widget elementor-widget-text-editor\" data-id=\"6fa2fc6f\" data-element_type=\"widget\" data-e-type=\"widget\" data-settings=\"{&quot;_animation&quot;:&quot;opal-move-up&quot;}\" data-widget_type=\"text-editor.default\">\n\t\t\t\t<div class=\"elementor-widget-container\">\n\t\t\t\t\t        <div class=\"elementor-text-editor elementor-clearfix\"><p>\u00a0<\/p><p>\u00c0 la recherche de produits ou de solutions sur mesure\u00a0? Notre \u00e9quipe est l\u00e0 pour vous aider.<\/p><\/div>\n        \t\t\t\t<\/div>\n\t\t\t\t<\/div>\n\t\t\t\t<div class=\"elementor-element elementor-element-38f1cb0c animated-fast elementor-button-primary elementor-invisible elementor-widget elementor-widget-button\" data-id=\"38f1cb0c\" data-element_type=\"widget\" data-e-type=\"widget\" data-settings=\"{&quot;_animation&quot;:&quot;opal-move-up&quot;}\" data-widget_type=\"button.default\">\n\t\t\t\t<div class=\"elementor-widget-container\">\n\t\t\t\t\t        <div class=\"elementor-button-wrapper\">\n            <a href=\"https:\/\/fortekgroup.com\/fr\/contact\/\" class=\"elementor-button-link elementor-button elementor-size-md\" role=\"button\">\n                \t\t<span class=\"elementor-button-content-wrapper\">\n\t\t\t\t\t\t<span class=\"elementor-button-icon\">\n\t\t\t\t\t\t\t\t\t<i class=\"opal-icon-long-arrow-right\" aria-hidden=\"true\"><\/i>\n\t\t\t\t\t\t\t<\/span>\n\t\t\t\t\t\t\t\t\t<span class=\"elementor-button-text\">Contactez-nous<\/span>\n\t\t\t\t\t<\/span>\n\t\t            <\/a>\n        <\/div>\n        \t\t\t\t<\/div>\n\t\t\t\t<\/div>\n\t\t\t\t\t<\/div>\n\t\t<\/div>\n\t\t\t\t\t<\/div>\n\t\t<\/section>\n\t\t\t\t<\/div>\n\t\t","protected":false},"excerpt":{"rendered":"<p>SERVICES FIABLES Conception de solutions en acier Fortek est \u00e0 l&rsquo;avant-garde de l&rsquo;industrie de l&rsquo;acier depuis plus de 35 ans. Nous proposons une gamme de produits de qualit\u00e9 sup\u00e9rieure r\u00e9pondant aux besoins de ses clients, allant des fers plats aux tubes, en passant par les tuyaux et les profil\u00e9s. L\u2019importance accord\u00e9e \u00e0 la qualit\u00e9, l&rsquo;innovation &hellip; <\/p>\n<p class=\"link-more\"><a href=\"https:\/\/fortekgroup.com\/fr\/ce-que-nous-faisons\/\" class=\"more-link\">Read More <i class=\"opal-icon-long-arrow-right\"><\/i><span class=\"screen-reader-text\"> \u00ab\u00a0Ce que nous faisons\u00a0\u00bb<\/span><\/a><\/p>\n","protected":false},"author":1,"featured_media":0,"parent":0,"menu_order":0,"comment_status":"closed","ping_status":"closed","template":"page-elementor.php","meta":{"inline_featured_image":false,"footnotes":""},"class_list":["post-4704","page","type-page","status-publish","hentry"],"_links":{"self":[{"href":"https:\/\/fortekgroup.com\/fr\/wp-json\/wp\/v2\/pages\/4704","targetHints":{"allow":["GET"]}}],"collection":[{"href":"https:\/\/fortekgroup.com\/fr\/wp-json\/wp\/v2\/pages"}],"about":[{"href":"https:\/\/fortekgroup.com\/fr\/wp-json\/wp\/v2\/types\/page"}],"author":[{"embeddable":true,"href":"https:\/\/fortekgroup.com\/fr\/wp-json\/wp\/v2\/users\/1"}],"replies":[{"embeddable":true,"href":"https:\/\/fortekgroup.com\/fr\/wp-json\/wp\/v2\/comments?post=4704"}],"version-history":[{"count":42,"href":"https:\/\/fortekgroup.com\/fr\/wp-json\/wp\/v2\/pages\/4704\/revisions"}],"predecessor-version":[{"id":5896,"href":"https:\/\/fortekgroup.com\/fr\/wp-json\/wp\/v2\/pages\/4704\/revisions\/5896"}],"wp:attachment":[{"href":"https:\/\/fortekgroup.com\/fr\/wp-json\/wp\/v2\/media?parent=4704"}],"curies":[{"name":"wp","href":"https:\/\/api.w.org\/{rel}","templated":true}]}}